{"id":12,"date":"2024-09-09T11:23:52","date_gmt":"2024-09-09T11:23:52","guid":{"rendered":"https:\/\/su.th-wagner.com\/?page_id=12"},"modified":"2024-09-09T11:23:54","modified_gmt":"2024-09-09T11:23:54","slug":"willkommen-bei-sehr-unkreativ-de-deiner-quelle-fuer-unkreative-inspiration","status":"publish","type":"page","link":"https:\/\/su.th-wagner.com\/","title":{"rendered":"Willkommen bei sehr-unkreativ.de \u2013 Deiner Quelle f\u00fcr (un)kreative Inspiration"},"content":{"rendered":"\n<p><strong>Keine Idee? Kein Problem!<\/strong><br>Manchmal fehlen einfach die z\u00fcndenden Gedanken, um das n\u00e4chste Projekt zu starten \u2013 egal ob du an einem neuen Design, einem Text, einem Logo oder sogar einem Musikst\u00fcck arbeitest. Aber keine Sorge, hier bei <strong>sehr-unkreativ.de<\/strong> findest du genau das, was du brauchst, um deine kreative Blockade zu \u00fcberwinden.<\/p>\n\n\n\n<p>Wir bieten dir eine bunte Mischung aus Inspirationen \u2013 alles an einem Ort. Entdecke neue Kl\u00e4nge, faszinierende Bilder, eindrucksvolle Designs oder kraftvolle Worte, die deine Kreativit\u00e4t entfachen.<\/p>\n\n\n\n<h3 class=\"wp-block-heading\">Was wir bieten:<\/h3>\n\n\n\n<ul class=\"wp-block-list\">\n<li><strong>Musik<\/strong>, die dich befl\u00fcgelt und in die richtige Stimmung bringt.<\/li>\n\n\n\n<li><strong>Bilder<\/strong>, die dir neue Perspektiven er\u00f6ffnen und deine Fantasie anregen.<\/li>\n\n\n\n<li><strong>Design-Ideen<\/strong> und <strong>Logos<\/strong>, die dich inspirieren, deine eigene visuelle Identit\u00e4t zu erschaffen.<\/li>\n\n\n\n<li><strong>Texte<\/strong>, die dich zum Nachdenken, Schmunzeln oder Schreiben bringen.<\/li>\n<\/ul>\n\n\n\n<h3 class=\"wp-block-heading\">Finde deine Inspiration:<\/h3>\n\n\n\n<p>St\u00f6bere durch unsere Sammlungen, entdecke neue Quellen oder teile deine eigenen kreativen Funde mit der Community. Ob du professionelle Arbeit leistest oder einfach ein wenig Inspiration f\u00fcr den Alltag suchst \u2013 wir haben f\u00fcr jeden etwas.<\/p>\n\n\n\n<p><strong>Werde kreativ.<\/strong><br>Entdecke, lass dich inspirieren und bring deine Ideen zum Leben. Denn manchmal ist der erste Schritt zur Kreativit\u00e4t einfach der richtige Funken.<\/p>\n","protected":false},"excerpt":{"rendered":"<p>Keine Idee? Kein Problem!Manchmal fehlen einfach die z\u00fcndenden Gedanken, um das n\u00e4chste Projekt zu starten \u2013 egal ob du an [&hellip;]<\/p>\n","protected":false},"author":1,"featured_media":0,"parent":0,"menu_order":0,"comment_status":"closed","ping_status":"closed","template":"","meta":{"site-sidebar-layout":"default","site-content-layout":"","ast-site-content-layout":"","site-content-style":"default","site-sidebar-style":"default","ast-global-header-display":"","ast-banner-title-visibility":"","ast-main-header-display":"","ast-hfb-above-header-display":"","ast-hfb-below-header-display":"","ast-hfb-mobile-header-display":"","site-post-title":"","ast-breadcrumbs-content":"","ast-featured-img":"","footer-sml-layout":"","theme-transparent-header-meta":"","adv-header-id-meta":"","stick-header-meta":"","header-above-stick-meta":"","header-main-stick-meta":"","header-below-stick-meta":"","astra-migrate-meta-layouts":"default","ast-page-background-enabled":"default","ast-page-background-meta":{"desktop":{"background-color":"var(--ast-global-color-4)","background-image":"","background-repeat":"repeat","background-position":"center center","background-size":"auto","background-attachment":"scroll","background-type":"","background-media":"","overlay-type":"","overlay-color":"","overlay-opacity":"","overlay-gradient":""},"tablet":{"background-color":"","background-image":"","background-repeat":"repeat","background-position":"center center","background-size":"auto","background-attachment":"scroll","background-type":"","background-media":"","overlay-type":"","overlay-color":"","overlay-opacity":"","overlay-gradient":""},"mobile":{"background-color":"","background-image":"","background-repeat":"repeat","background-position":"center center","background-size":"auto","background-attachment":"scroll","background-type":"","background-media":"","overlay-type":"","overlay-color":"","overlay-opacity":"","overlay-gradient":""}},"ast-content-background-meta":{"desktop":{"background-color":"var(--ast-global-color-5)","background-image":"","background-repeat":"repeat","background-position":"center center","background-size":"auto","background-attachment":"scroll","background-type":"","background-media":"","overlay-type":"","overlay-color":"","overlay-opacity":"","overlay-gradient":""},"tablet":{"background-color":"var(--ast-global-color-5)","background-image":"","background-repeat":"repeat","background-position":"center center","background-size":"auto","background-attachment":"scroll","background-type":"","background-media":"","overlay-type":"","overlay-color":"","overlay-opacity":"","overlay-gradient":""},"mobile":{"background-color":"var(--ast-global-color-5)","background-image":"","background-repeat":"repeat","background-position":"center center","background-size":"auto","background-attachment":"scroll","background-type":"","background-media":"","overlay-type":"","overlay-color":"","overlay-opacity":"","overlay-gradient":""}},"ngg_post_thumbnail":0,"footnotes":""},"class_list":["post-12","page","type-page","status-publish","hentry"],"yoast_head":"<!-- This site is optimized with the Yoast SEO plugin v23.4 - https:\/\/yoast.com\/wordpress\/plugins\/seo\/ -->\n<title>Willkommen bei sehr-unkreativ.de \u2013 Deiner Quelle f\u00fcr (un)kreative Inspiration - Sehr unkreativ<\/title>\n<meta name=\"robots\" content=\"index, follow, max-snippet:-1, max-image-preview:large, max-video-preview:-1\" \/>\n<link rel=\"canonical\" href=\"https:\/\/su.th-wagner.com\/\" \/>\n<meta property=\"og:locale\" content=\"de_DE\" \/>\n<meta property=\"og:type\" content=\"article\" \/>\n<meta property=\"og:title\" content=\"Willkommen bei sehr-unkreativ.de \u2013 Deiner Quelle f\u00fcr (un)kreative Inspiration - Sehr unkreativ\" \/>\n<meta property=\"og:description\" content=\"Keine Idee? Kein Problem!Manchmal fehlen einfach die z\u00fcndenden Gedanken, um das n\u00e4chste Projekt zu starten \u2013 egal ob du an [&hellip;]\" \/>\n<meta property=\"og:url\" content=\"https:\/\/su.th-wagner.com\/\" \/>\n<meta property=\"og:site_name\" content=\"Sehr unkreativ\" \/>\n<meta property=\"article:modified_time\" content=\"2024-09-09T11:23:54+00:00\" \/>\n<meta name=\"twitter:card\" content=\"summary_large_image\" \/>\n<meta name=\"twitter:label1\" content=\"Gesch\u00e4tzte Lesezeit\" \/>\n\t<meta name=\"twitter:data1\" content=\"2\u00a0Minuten\" \/>\n<script type=\"application\/ld+json\" class=\"yoast-schema-graph\">{\"@context\":\"https:\/\/schema.org\",\"@graph\":[{\"@type\":\"WebPage\",\"@id\":\"https:\/\/su.th-wagner.com\/\",\"url\":\"https:\/\/su.th-wagner.com\/\",\"name\":\"Willkommen bei sehr-unkreativ.de \u2013 Deiner Quelle f\u00fcr (un)kreative Inspiration - Sehr unkreativ\",\"isPartOf\":{\"@id\":\"https:\/\/su.th-wagner.com\/#website\"},\"datePublished\":\"2024-09-09T11:23:52+00:00\",\"dateModified\":\"2024-09-09T11:23:54+00:00\",\"breadcrumb\":{\"@id\":\"https:\/\/su.th-wagner.com\/#breadcrumb\"},\"inLanguage\":\"de\",\"potentialAction\":[{\"@type\":\"ReadAction\",\"target\":[\"https:\/\/su.th-wagner.com\/\"]}]},{\"@type\":\"BreadcrumbList\",\"@id\":\"https:\/\/su.th-wagner.com\/#breadcrumb\",\"itemListElement\":[{\"@type\":\"ListItem\",\"position\":1,\"name\":\"Startseite\",\"item\":\"https:\/\/su.th-wagner.com\/\"},{\"@type\":\"ListItem\",\"position\":2,\"name\":\"Willkommen bei sehr-unkreativ.de \u2013 Deiner Quelle f\u00fcr (un)kreative Inspiration\"}]},{\"@type\":\"WebSite\",\"@id\":\"https:\/\/su.th-wagner.com\/#website\",\"url\":\"https:\/\/su.th-wagner.com\/\",\"name\":\"Sehr unkreativ\",\"description\":\"Ort f\u00fcr Inspirationen\",\"publisher\":{\"@id\":\"https:\/\/su.th-wagner.com\/#organization\"},\"potentialAction\":[{\"@type\":\"SearchAction\",\"target\":{\"@type\":\"EntryPoint\",\"urlTemplate\":\"https:\/\/su.th-wagner.com\/?s={search_term_string}\"},\"query-input\":{\"@type\":\"PropertyValueSpecification\",\"valueRequired\":true,\"valueName\":\"search_term_string\"}}],\"inLanguage\":\"de\"},{\"@type\":\"Organization\",\"@id\":\"https:\/\/su.th-wagner.com\/#organization\",\"name\":\"Sehr unkreativ\",\"url\":\"https:\/\/su.th-wagner.com\/\",\"logo\":{\"@type\":\"ImageObject\",\"inLanguage\":\"de\",\"@id\":\"https:\/\/su.th-wagner.com\/#\/schema\/logo\/image\/\",\"url\":\"https:\/\/su.th-wagner.com\/wp-content\/uploads\/2024\/09\/cropped-127-365.jpg\",\"contentUrl\":\"https:\/\/su.th-wagner.com\/wp-content\/uploads\/2024\/09\/cropped-127-365.jpg\",\"width\":512,\"height\":512,\"caption\":\"Sehr unkreativ\"},\"image\":{\"@id\":\"https:\/\/su.th-wagner.com\/#\/schema\/logo\/image\/\"}}]}<\/script>\n<!-- \/ Yoast SEO plugin. -->","yoast_head_json":{"title":"Willkommen bei sehr-unkreativ.de \u2013 Deiner Quelle f\u00fcr (un)kreative Inspiration - Sehr unkreativ","robots":{"index":"index","follow":"follow","max-snippet":"max-snippet:-1","max-image-preview":"max-image-preview:large","max-video-preview":"max-video-preview:-1"},"canonical":"https:\/\/su.th-wagner.com\/","og_locale":"de_DE","og_type":"article","og_title":"Willkommen bei sehr-unkreativ.de \u2013 Deiner Quelle f\u00fcr (un)kreative Inspiration - Sehr unkreativ","og_description":"Keine Idee? Kein Problem!Manchmal fehlen einfach die z\u00fcndenden Gedanken, um das n\u00e4chste Projekt zu starten \u2013 egal ob du an [&hellip;]","og_url":"https:\/\/su.th-wagner.com\/","og_site_name":"Sehr unkreativ","article_modified_time":"2024-09-09T11:23:54+00:00","twitter_card":"summary_large_image","twitter_misc":{"Gesch\u00e4tzte Lesezeit":"2\u00a0Minuten"},"schema":{"@context":"https:\/\/schema.org","@graph":[{"@type":"WebPage","@id":"https:\/\/su.th-wagner.com\/","url":"https:\/\/su.th-wagner.com\/","name":"Willkommen bei sehr-unkreativ.de \u2013 Deiner Quelle f\u00fcr (un)kreative Inspiration - Sehr unkreativ","isPartOf":{"@id":"https:\/\/su.th-wagner.com\/#website"},"datePublished":"2024-09-09T11:23:52+00:00","dateModified":"2024-09-09T11:23:54+00:00","breadcrumb":{"@id":"https:\/\/su.th-wagner.com\/#breadcrumb"},"inLanguage":"de","potentialAction":[{"@type":"ReadAction","target":["https:\/\/su.th-wagner.com\/"]}]},{"@type":"BreadcrumbList","@id":"https:\/\/su.th-wagner.com\/#breadcrumb","itemListElement":[{"@type":"ListItem","position":1,"name":"Startseite","item":"https:\/\/su.th-wagner.com\/"},{"@type":"ListItem","position":2,"name":"Willkommen bei sehr-unkreativ.de \u2013 Deiner Quelle f\u00fcr (un)kreative Inspiration"}]},{"@type":"WebSite","@id":"https:\/\/su.th-wagner.com\/#website","url":"https:\/\/su.th-wagner.com\/","name":"Sehr unkreativ","description":"Ort f\u00fcr Inspirationen","publisher":{"@id":"https:\/\/su.th-wagner.com\/#organization"},"potentialAction":[{"@type":"SearchAction","target":{"@type":"EntryPoint","urlTemplate":"https:\/\/su.th-wagner.com\/?s={search_term_string}"},"query-input":{"@type":"PropertyValueSpecification","valueRequired":true,"valueName":"search_term_string"}}],"inLanguage":"de"},{"@type":"Organization","@id":"https:\/\/su.th-wagner.com\/#organization","name":"Sehr unkreativ","url":"https:\/\/su.th-wagner.com\/","logo":{"@type":"ImageObject","inLanguage":"de","@id":"https:\/\/su.th-wagner.com\/#\/schema\/logo\/image\/","url":"https:\/\/su.th-wagner.com\/wp-content\/uploads\/2024\/09\/cropped-127-365.jpg","contentUrl":"https:\/\/su.th-wagner.com\/wp-content\/uploads\/2024\/09\/cropped-127-365.jpg","width":512,"height":512,"caption":"Sehr unkreativ"},"image":{"@id":"https:\/\/su.th-wagner.com\/#\/schema\/logo\/image\/"}}]}},"_links":{"self":[{"href":"https:\/\/su.th-wagner.com\/index.php?rest_route=\/wp\/v2\/pages\/12","targetHints":{"allow":["GET"]}}],"collection":[{"href":"https:\/\/su.th-wagner.com\/index.php?rest_route=\/wp\/v2\/pages"}],"about":[{"href":"https:\/\/su.th-wagner.com\/index.php?rest_route=\/wp\/v2\/types\/page"}],"author":[{"embeddable":true,"href":"https:\/\/su.th-wagner.com\/index.php?rest_route=\/wp\/v2\/users\/1"}],"replies":[{"embeddable":true,"href":"https:\/\/su.th-wagner.com\/index.php?rest_route=%2Fwp%2Fv2%2Fcomments&post=12"}],"version-history":[{"count":1,"href":"https:\/\/su.th-wagner.com\/index.php?rest_route=\/wp\/v2\/pages\/12\/revisions"}],"predecessor-version":[{"id":13,"href":"https:\/\/su.th-wagner.com\/index.php?rest_route=\/wp\/v2\/pages\/12\/revisions\/13"}],"wp:attachment":[{"href":"https:\/\/su.th-wagner.com\/index.php?rest_route=%2Fwp%2Fv2%2Fmedia&parent=12"}],"curies":[{"name":"wp","href":"https:\/\/api.w.org\/{rel}","templated":true}]}}